{"id":43,"date":"2026-04-03T14:26:55","date_gmt":"2026-04-03T14:26:55","guid":{"rendered":"https:\/\/terapeutiskeveje.dk\/?page_id=43"},"modified":"2026-04-03T17:36:05","modified_gmt":"2026-04-03T17:36:05","slug":"om-terapien","status":"publish","type":"page","link":"https:\/\/terapeutiskeveje.dk\/index.php\/om-terapien\/","title":{"rendered":"Om terapien"},"content":{"rendered":"\n<p>Terapien er integrativ og bygger p\u00e5 <strong>f\u00e6nomenologiske, neuroaffektive, emotionsfokuserede samt eksistentielle og kropslige<\/strong> perspektiver. Det betyder, at jeg m\u00f8der dig med nysgerrighed og ligev\u00e6rdighed, og vi sammen kan udforske det, der fylder i dit liv.<\/p>\n\n\n\n<p>Vi arbejder med b\u00e5de tanker, f\u00f8lelser og med kroppen, s\u00e5 indsigt kan forankres p\u00e5 flere niveauer \u2013 mentalt, f\u00f8lelsesm\u00e6ssigt og kropsligt \u2013 og skabe plads til nye perspektiver og erfaringer.<\/p>\n\n\n\n<p>Jeg skaber et trygt rum med plads til det sv\u00e6re og s\u00e5rbare. Gennem n\u00e6nsom opm\u00e6rksomhed og helhedsorienteret arbejde kan du opleve st\u00f8rre klarhed, ro og handlekraft i dit liv.<\/p>\n\n\n\n<p>Jeg tilbyder aktuelt individuelle samtaleforl\u00f8b som en del af afslutningen p\u00e5 min psykoterapeutuddannelse p\u00e5 <a href=\"https:\/\/academycopenhagen.dk\/\" target=\"_blank\" rel=\"noreferrer noopener\">Academy Copenhagen.<\/a> Forl\u00f8bene foreg\u00e5r under supervision, men kun du og jeg er til stede i sessionerne.<\/p>\n\n\n\n<p>Samtalerne er naturligvis fortrolige og f\u00f8lger de etiske rammer for psykoterapi.<\/p>\n\n\n\n<p>Du er velkommen til at <a href=\"https:\/\/terapeutiskeveje.dk\/index.php\/kontakt\/\" data-type=\"page\" data-id=\"73\">kontakte mig, <\/a>hvis du vil h\u00f8re mere eller m\u00e6rke efter, om et forl\u00f8b kunne v\u00e6re noget for dig&#8230;<\/p>\n","protected":false},"excerpt":{"rendered":"<p>Terapien er integrativ og bygger p\u00e5 f\u00e6nomenologiske, neuroaffektive, emotionsfokuserede samt eksistentielle og kropslige perspektiver. Det betyder, at jeg m\u00f8der dig med nysgerrighed og ligev\u00e6rdighed, og vi sammen kan udforske det, der fylder i dit liv. Vi arbejder med b\u00e5de tanker, f\u00f8lelser og med kroppen, s\u00e5 indsigt kan forankres p\u00e5 flere niveauer \u2013 mentalt, f\u00f8lelsesm\u00e6ssigt og [&hellip;]<\/p>\n","protected":false},"author":1,"featured_media":86,"parent":0,"menu_order":0,"comment_status":"closed","ping_status":"closed","template":"","meta":{"footnotes":""},"class_list":["post-43","page","type-page","status-publish","has-post-thumbnail","hentry"],"_links":{"self":[{"href":"https:\/\/terapeutiskeveje.dk\/index.php\/wp-json\/wp\/v2\/pages\/43","targetHints":{"allow":["GET"]}}],"collection":[{"href":"https:\/\/terapeutiskeveje.dk\/index.php\/wp-json\/wp\/v2\/pages"}],"about":[{"href":"https:\/\/terapeutiskeveje.dk\/index.php\/wp-json\/wp\/v2\/types\/page"}],"author":[{"embeddable":true,"href":"https:\/\/terapeutiskeveje.dk\/index.php\/wp-json\/wp\/v2\/users\/1"}],"replies":[{"embeddable":true,"href":"https:\/\/terapeutiskeveje.dk\/index.php\/wp-json\/wp\/v2\/comments?post=43"}],"version-history":[{"count":3,"href":"https:\/\/terapeutiskeveje.dk\/index.php\/wp-json\/wp\/v2\/pages\/43\/revisions"}],"predecessor-version":[{"id":87,"href":"https:\/\/terapeutiskeveje.dk\/index.php\/wp-json\/wp\/v2\/pages\/43\/revisions\/87"}],"wp:featuredmedia":[{"embeddable":true,"href":"https:\/\/terapeutiskeveje.dk\/index.php\/wp-json\/wp\/v2\/media\/86"}],"wp:attachment":[{"href":"https:\/\/terapeutiskeveje.dk\/index.php\/wp-json\/wp\/v2\/media?parent=43"}],"curies":[{"name":"wp","href":"https:\/\/api.w.org\/{rel}","templated":true}]}}