{"id":58,"date":"2026-04-03T14:32:50","date_gmt":"2026-04-03T14:32:50","guid":{"rendered":"https:\/\/terapeutiskeveje.dk\/?page_id=58"},"modified":"2026-04-06T10:58:20","modified_gmt":"2026-04-06T10:58:20","slug":"praktisk-info","status":"publish","type":"page","link":"https:\/\/terapeutiskeveje.dk\/index.php\/praktisk-info\/","title":{"rendered":"Praktisk info"},"content":{"rendered":"\n<p>Inden du booker en tid, vil jeg gerne give dig et overblik over de praktiske rammer. For mig er det vigtigt, at du f\u00f8ler dig tryg og godt informeret fra starten, s\u00e5 du ved, hvad du kan forvente af et forl\u00f8b hos mig.<\/p>\n\n\n\n<p><strong>Steder:<\/strong><\/p>\n\n\n\n<p><strong>Lyngby: <\/strong>Academy Copenhagen, Lyngby Hovedgade 41, 1. sal, 2800 Kongens Lyngby<\/p>\n\n\n\n<p><strong>K\u00f8benhavn: <\/strong>NOR: Nordic Health House, Hejrevej 30, 3. sal, 2400 K\u00f8benhavn NV<\/p>\n\n\n\n<p><strong>Pris:<\/strong><\/p>\n\n\n\n<p>Lyngby: 350 kr. pr. session<\/p>\n\n\n\n<p>K\u00f8benhavn: 450 kr. pr. session (pga lokaleleje)<\/p>\n\n\n\n<p>Hvis du f\u00e5r brug for at aflyse din tid, beder jeg dig g\u00f8re det senest 24 timer f\u00f8r. Ved senere aflysning opkr\u00e6ves det fulde bel\u00f8b.<\/p>\n\n\n\n<p><strong>Hvad vil det sige, at det er tr\u00e6ningsterapi?<\/strong><\/p>\n\n\n\n<p>Tr\u00e6ningsterapi betyder, at forl\u00f8bet indg\u00e5r som en del af min afsluttende uddannelse. Det indeb\u00e6rer, at jeg l\u00f8bende modtager supervision af erfarne undervisere, hvilket er med til at sikre b\u00e5de kvalitet og faglig refleksion i arbejdet. Alt foreg\u00e5r naturligvis fortroligt og inden for de etiske rammer for psykoterapeutisk arbejde.<\/p>\n","protected":false},"excerpt":{"rendered":"<p>Inden du booker en tid, vil jeg gerne give dig et overblik over de praktiske rammer. For mig er det vigtigt, at du f\u00f8ler dig tryg og godt informeret fra starten, s\u00e5 du ved, hvad du kan forvente af et forl\u00f8b hos mig. Steder: Lyngby: Academy Copenhagen, Lyngby Hovedgade 41, 1. sal, 2800 Kongens Lyngby [&hellip;]<\/p>\n","protected":false},"author":1,"featured_media":84,"parent":0,"menu_order":0,"comment_status":"closed","ping_status":"closed","template":"","meta":{"footnotes":""},"class_list":["post-58","page","type-page","status-publish","has-post-thumbnail","hentry"],"_links":{"self":[{"href":"https:\/\/terapeutiskeveje.dk\/index.php\/wp-json\/wp\/v2\/pages\/58","targetHints":{"allow":["GET"]}}],"collection":[{"href":"https:\/\/terapeutiskeveje.dk\/index.php\/wp-json\/wp\/v2\/pages"}],"about":[{"href":"https:\/\/terapeutiskeveje.dk\/index.php\/wp-json\/wp\/v2\/types\/page"}],"author":[{"embeddable":true,"href":"https:\/\/terapeutiskeveje.dk\/index.php\/wp-json\/wp\/v2\/users\/1"}],"replies":[{"embeddable":true,"href":"https:\/\/terapeutiskeveje.dk\/index.php\/wp-json\/wp\/v2\/comments?post=58"}],"version-history":[{"count":4,"href":"https:\/\/terapeutiskeveje.dk\/index.php\/wp-json\/wp\/v2\/pages\/58\/revisions"}],"predecessor-version":[{"id":97,"href":"https:\/\/terapeutiskeveje.dk\/index.php\/wp-json\/wp\/v2\/pages\/58\/revisions\/97"}],"wp:featuredmedia":[{"embeddable":true,"href":"https:\/\/terapeutiskeveje.dk\/index.php\/wp-json\/wp\/v2\/media\/84"}],"wp:attachment":[{"href":"https:\/\/terapeutiskeveje.dk\/index.php\/wp-json\/wp\/v2\/media?parent=58"}],"curies":[{"name":"wp","href":"https:\/\/api.w.org\/{rel}","templated":true}]}}