{"id":63,"date":"2026-04-03T14:45:59","date_gmt":"2026-04-03T14:45:59","guid":{"rendered":"https:\/\/terapeutiskeveje.dk\/?page_id=63"},"modified":"2026-04-03T14:45:59","modified_gmt":"2026-04-03T14:45:59","slug":"test","status":"publish","type":"page","link":"https:\/\/terapeutiskeveje.dk\/index.php\/test\/","title":{"rendered":"Test"},"content":{"rendered":"\n<p><br><br>Har du lyst til at l\u00e6re dig selv bedre at kende?<br><br>Individuel psykoterapi<br><br><br><br><img decoding=\"async\" src=\"http:\/\/terapeutiskeveje.dk\/wp-content\/uploads\/2026\/04\/IMG_8317-scaled.jpg\" alt=\"\"><br><br>Om mig<br>Jeg er psykoterapeutstuderende<br>Jeg tilbyder samtaleforl\u00f8b i et trygt og respektfuldt rum, hvor vi sammen kan unders\u00f8ge det, der fylder \u2013 uden hastv\u00e6rk og uden krav om at v\u00e6re anderledes, end du er.<br>Jeg arbejder helhedsorienteret med sammenh\u00e6ngen mellem tanker, f\u00f8lelser, krop og livssituation.<br>Jeg tilbyder i \u00f8jeblikket samtaleterapi til reduceret pris som en del af den afsluttende fase af min psykoterapeutiske uddannelse.<br>Jeg er p\u00e5 overbygningen af min psykoterapeutuddannelse og har en faglig baggrund som cand. p\u00e6d. i p\u00e6dagogisk antropologi og l\u00e6rer.<br>Jeg er ogs\u00e5 uddannet yogal\u00e6rer (200 timer) og supplerer l\u00f8bende med kurser og workshops i kropsterapeutiske teknikker.<br>Jeg har arbejdet med b\u00f8rn, unge og voksne gennem rigtig mange \u00e5r \u2013 blandt andet som indskolingsleder, underviser og i dag som p\u00e6dagogisk vejleder i P\u00e6dagogisk Psykologisk R\u00e5dgivning i Ballerup, hvor jeg samarbejder t\u00e6t med b\u00e5de fagprofessionelle og b\u00f8rn, unge og for\u00e6ldre.<br>Gennem flere \u00e5r bosat i udlandet har jeg oplevet forskellige kulturer og sociale sammenh\u00e6nge, hvilket har styrket min forst\u00e5else for, hvordan mennesker formes af deres milj\u00f8 og relationer.<br>I terapien er jeg optaget af sammenh\u00e6ngen mellem krop, f\u00f8lelser, tanker og livssituation, og min erfaring er, at \u00f8get opm\u00e6rksomhed og kontakt med det, der sker i os \u2013 b\u00e5de mentalt, f\u00f8lelsesm\u00e6ssigt og kropsligt \u2013 kan skabe st\u00f8rre klarhed, st\u00f8tte heling og integration af oplevelser og \u00e5bne op for nye perspektiver i livet.<br><img decoding=\"async\" src=\"http:\/\/terapeutiskeveje.dk\/wp-content\/uploads\/2026\/04\/IMG_3818-677x1024.jpg\" alt=\"\"><br><br><img decoding=\"async\" src=\"http:\/\/terapeutiskeveje.dk\/wp-content\/uploads\/2026\/04\/IMG_4365-1024x768.jpeg\" alt=\"\"><br><strong>Praktisk:<\/strong><br>Pris K\u00f8benhavn: 450kr pr. Session<br>Pris Lyngby: 350kr pr. Session<br>Skulle du f\u00e5 brug for at aflyse, m\u00e5 du meget gerne g\u00f8re det senest 24 timer f\u00f8r. Ved senere aflysning opkr\u00e6ves det fulde bel\u00f8b<br><strong>Sted:<\/strong><br>K\u00f8benhavn: <strong>NOR: nordic health house, <\/strong>Hejrevej 30, 3. sal, 2400 K\u00f8benhavn NV<br>Lyngby: <strong>Academy Copenhagen<\/strong>, Lyngby Hovedgade 41, 1. sal, 2800 Kongens Lyngby<br><strong>Hvad vil det sige, at det er tr\u00e6ningsterapi?<\/strong><br>Tr\u00e6ningsterapi betyder, at forl\u00f8bet indg\u00e5r som en del af min afsluttende uddannelse. Jeg modtager l\u00f8bende supervision af erfarne undervisere, hvilket er med til at sikre kvalitet og faglig refleksion. Alt foreg\u00e5r naturligvis fortroligt og inden for de etiske rammer for psykoterapeutisk arbejde.<br><img decoding=\"async\" src=\"http:\/\/terapeutiskeveje.dk\/wp-content\/uploads\/2026\/04\/IMG_1937-300x225.jpg\" alt=\"\"><br><strong>Om terapien<\/strong><br>Terapien er integrativ og bygger p\u00e5 <strong>f\u00e6nomenologiske, neuroaffektive, emotionsfokuserede samt eksistentielle og kropslige<\/strong> perspektiver. Det betyder, at jeg m\u00f8der dig med nysgerrighed og ligev\u00e6rdighed, og vi sammen kan udforske det, der fylder i dit liv.<br>Vi arbejder med b\u00e5de tanker, f\u00f8lelser og med kroppen, s\u00e5 indsigt kan forankres p\u00e5 flere niveauer \u2013 mentalt, f\u00f8lelsesm\u00e6ssigt og kropsligt \u2013 og skabe plads til nye perspektiver og erfaringer.<br>Jeg skaber et trygt rum med plads til det sv\u00e6re og s\u00e5rbare. Gennem n\u00e6nsom opm\u00e6rksomhed og helhedsorienteret arbejde kan du opleve st\u00f8rre klarhed, ro og handlekraft i dit liv.<br>Jeg tilbyder aktuelt individuelle samtaleforl\u00f8b som en del af afslutningen p\u00e5 min psykoterapeutuddannelse p\u00e5 <a href=\"https:\/\/academycopenhagen.dk\/\" target=\"_blank\" rel=\"noreferrer noopener\">Academy Copenhagen.<\/a> Forl\u00f8bene foreg\u00e5r under supervision, men kun du og jeg er til stede i sessionerne.<br>Samtalerne er naturligvis fortrolige og f\u00f8lger de etiske rammer for psykoterapi.<br>Du er velkommen til at <a href=\"\/kontakt\">kontakte mig,<\/a> hvis du vil h\u00f8re mere eller m\u00e6rke efter, om et forl\u00f8b kunne v\u00e6re noget for dig.<br>Sascha Kalvh\u00f8j Larsen<br>kontakt@terapeutiskeveje.dk<br><br><\/p>\n","protected":false},"excerpt":{"rendered":"<p>Har du lyst til at l\u00e6re dig selv bedre at kende? Individuel psykoterapi Om migJeg er psykoterapeutstuderendeJeg tilbyder samtaleforl\u00f8b i et trygt og respektfuldt rum, hvor vi sammen kan unders\u00f8ge det, der fylder \u2013 uden hastv\u00e6rk og uden krav om at v\u00e6re anderledes, end du er.Jeg arbejder helhedsorienteret med sammenh\u00e6ngen mellem tanker, f\u00f8lelser, krop og [&hellip;]<\/p>\n","protected":false},"author":1,"featured_media":0,"parent":0,"menu_order":0,"comment_status":"closed","ping_status":"closed","template":"","meta":{"footnotes":""},"class_list":["post-63","page","type-page","status-publish","hentry"],"_links":{"self":[{"href":"https:\/\/terapeutiskeveje.dk\/index.php\/wp-json\/wp\/v2\/pages\/63","targetHints":{"allow":["GET"]}}],"collection":[{"href":"https:\/\/terapeutiskeveje.dk\/index.php\/wp-json\/wp\/v2\/pages"}],"about":[{"href":"https:\/\/terapeutiskeveje.dk\/index.php\/wp-json\/wp\/v2\/types\/page"}],"author":[{"embeddable":true,"href":"https:\/\/terapeutiskeveje.dk\/index.php\/wp-json\/wp\/v2\/users\/1"}],"replies":[{"embeddable":true,"href":"https:\/\/terapeutiskeveje.dk\/index.php\/wp-json\/wp\/v2\/comments?post=63"}],"version-history":[{"count":1,"href":"https:\/\/terapeutiskeveje.dk\/index.php\/wp-json\/wp\/v2\/pages\/63\/revisions"}],"predecessor-version":[{"id":64,"href":"https:\/\/terapeutiskeveje.dk\/index.php\/wp-json\/wp\/v2\/pages\/63\/revisions\/64"}],"wp:attachment":[{"href":"https:\/\/terapeutiskeveje.dk\/index.php\/wp-json\/wp\/v2\/media?parent=63"}],"curies":[{"name":"wp","href":"https:\/\/api.w.org\/{rel}","templated":true}]}}